{"id":7868,"date":"2021-06-21T00:19:11","date_gmt":"2021-06-21T00:19:11","guid":{"rendered":"https:\/\/www.ak-asya.com.tr\/en\/?page_id=7868"},"modified":"2023-06-13T17:30:03","modified_gmt":"2023-06-13T17:30:03","slug":"terms-conditions","status":"publish","type":"page","link":"https:\/\/www.ak-asya.com.tr\/en\/terms-conditions\/","title":{"rendered":"Terms &#038; Conditions"},"content":{"rendered":"\t\t<div data-elementor-type=\"wp-post\" data-elementor-id=\"7868\" class=\"elementor elementor-7868\">\n\t\t\t\t\t\t\t\t\t<section class=\"elementor-section elementor-top-section elementor-element elementor-element-ffbe6f4 elementor-section-boxed elementor-section-height-default elementor-section-height-default\" data-id=\"ffbe6f4\" data-element_type=\"section\" data-settings=\"{&quot;background_background&quot;:&quot;classic&quot;,&quot;background_image&quot;:{&quot;url&quot;:&quot;&quot;,&quot;id&quot;:&quot;&quot;,&quot;size&quot;:&quot;&quot;}}\">\n\t\t\t\t\t\t<div class=\"elementor-container elementor-column-gap-default\">\n\t\t\t\t\t<div class=\"elementor-column elementor-col-100 elementor-top-column elementor-element elementor-element-5ecdb57\" data-id=\"5ecdb57\" data-element_type=\"column\">\n\t\t\t<div class=\"elementor-widget-wrap elementor-element-populated\">\n\t\t\t\t\t\t\t\t<div class=\"elementor-element elementor-element-8adf620 elementor-widget elementor-widget-heading\" data-id=\"8adf620\" data-element_type=\"widget\" data-widget_type=\"heading.default\">\n\t\t\t\t<div class=\"elementor-widget-container\">\n\t\t\t<h1 class=\"elementor-heading-title elementor-size-default\">Terms &amp; Conditions<\/h1>\t\t<\/div>\n\t\t\t\t<\/div>\n\t\t\t\t\t<\/div>\n\t\t<\/div>\n\t\t\t\t\t\t\t<\/div>\n\t\t<\/section>\n\t\t\t\t<section class=\"elementor-section elementor-top-section elementor-element elementor-element-75ade35 elementor-section-boxed elementor-section-height-default elementor-section-height-default\" data-id=\"75ade35\" data-element_type=\"section\">\n\t\t\t\t\t\t<div class=\"elementor-container elementor-column-gap-default\">\n\t\t\t\t\t<div class=\"elementor-column elementor-col-100 elementor-top-column elementor-element elementor-element-7bc3ac8\" data-id=\"7bc3ac8\" data-element_type=\"column\">\n\t\t\t<div class=\"elementor-widget-wrap elementor-element-populated\">\n\t\t\t\t\t\t\t\t<div class=\"elementor-element elementor-element-311463e elementor-widget elementor-widget-heading\" data-id=\"311463e\" data-element_type=\"widget\" data-widget_type=\"heading.default\">\n\t\t\t\t<div class=\"elementor-widget-container\">\n\t\t\t<h2 class=\"elementor-heading-title elementor-size-default\">PRIVACY POLICY<\/h2>\t\t<\/div>\n\t\t\t\t<\/div>\n\t\t\t\t<div class=\"elementor-element elementor-element-64d3262 elementor-widget elementor-widget-text-editor\" data-id=\"64d3262\" data-element_type=\"widget\" data-widget_type=\"text-editor.default\">\n\t\t\t\t<div class=\"elementor-widget-container\">\n\t\t\t\t\t\t\t<p><span style=\"font-weight: 400;\">In order to fulfill the disclosure obligation arising from Article 10 of the PDPL, Akya\u015fam Management Services Joint Stock Company (hereinafter referred to as &#8220;Akasya&#8221; or \u201cus\u201d) present you the following explanations regarding the processing and protection of your personal data, as Our Company is defined as Data Controller under the Personal Data Protection Law No. 6698 (&#8220;PDPL&#8221;).<\/span><\/p><p><span style=\"font-weight: 400;\">You can find detailed information in the Personal Data Protection Policy on our company&#8217;s website at <\/span><a href=\"http:\/\/www.akyasam.com.tr\"><span style=\"font-weight: 400;\">www.akyasam.com.tr<\/span><\/a><span style=\"font-weight: 400;\">, about how we process your personal data.<\/span><\/p>\t\t\t\t\t\t<\/div>\n\t\t\t\t<\/div>\n\t\t\t\t<div class=\"elementor-element elementor-element-1a02440 elementor-widget elementor-widget-heading\" data-id=\"1a02440\" data-element_type=\"widget\" data-widget_type=\"heading.default\">\n\t\t\t\t<div class=\"elementor-widget-container\">\n\t\t\t<h2 class=\"elementor-heading-title elementor-size-default\">PROCESSED PERSONAL DATA<\/h2>\t\t<\/div>\n\t\t\t\t<\/div>\n\t\t\t\t<div class=\"elementor-element elementor-element-d8c2b68 elementor-widget elementor-widget-text-editor\" data-id=\"d8c2b68\" data-element_type=\"widget\" data-widget_type=\"text-editor.default\">\n\t\t\t\t<div class=\"elementor-widget-container\">\n\t\t\t\t\t\t\t<p><b>Anonymous Information: <\/b><span style=\"font-weight: 400;\">Anonymous Information cannot be combined with personal information that directly leads to identification. This information is used to improve our site and allows us to direct our resources to the features that our customers like the most.<\/span><\/p><p><b>Information about Internet Access<\/b><span style=\"font-weight: 400;\">: We may collect information about your IP address, browser type, domain name and time of access to the site. This information is used for our internal research purposes and differs from the information you may submit through this site that may lead to determination of your identity. IP addresses are not mapped to personal information. IP addresses may, very rarely, be used to deter and\/or prevent malicious and criminal acts that may be carried out through the website.<\/span><\/p><p><b>Personal Information Leading to Identification:<\/b><span style=\"font-weight: 400;\"> Personal Information (first name, surname, e-mail address, opinions and suggestions, etc.) that leads to determination of your identity is collected through the following forms at www.ak-asya.com.tr.<\/span><\/p>\t\t\t\t\t\t<\/div>\n\t\t\t\t<\/div>\n\t\t\t\t<div class=\"elementor-element elementor-element-c1fd712 elementor-widget elementor-widget-heading\" data-id=\"c1fd712\" data-element_type=\"widget\" data-widget_type=\"heading.default\">\n\t\t\t\t<div class=\"elementor-widget-container\">\n\t\t\t<h2 class=\"elementor-heading-title elementor-size-default\">PURPOSE OF PROCESSING YOUR PERSONAL DATA<\/h2>\t\t<\/div>\n\t\t\t\t<\/div>\n\t\t\t\t<div class=\"elementor-element elementor-element-c957efc elementor-widget elementor-widget-text-editor\" data-id=\"c957efc\" data-element_type=\"widget\" data-widget_type=\"text-editor.default\">\n\t\t\t\t<div class=\"elementor-widget-container\">\n\t\t\t\t\t\t\t<p><span style=\"font-weight: 400;\">Your personal data that you share with us will be processed for the following purposes: to respond to your requests and complaints, to meet your requests for information about our Institution, to provide you with various advantages and to all kinds of information such as promotions, advertisements, sales, marketing, surveys, etc. sent by telephone, text message (SMS), email, etc., and to improve our customer management.<\/span><\/p>\t\t\t\t\t\t<\/div>\n\t\t\t\t<\/div>\n\t\t\t\t<div class=\"elementor-element elementor-element-3824ea2 elementor-widget elementor-widget-heading\" data-id=\"3824ea2\" data-element_type=\"widget\" data-widget_type=\"heading.default\">\n\t\t\t\t<div class=\"elementor-widget-container\">\n\t\t\t<h2 class=\"elementor-heading-title elementor-size-default\">METHOD OF COLLECTION OF PERSONAL DATA AND LEGAL REASONS<\/h2>\t\t<\/div>\n\t\t\t\t<\/div>\n\t\t\t\t<div class=\"elementor-element elementor-element-10ea6a6 elementor-widget elementor-widget-text-editor\" data-id=\"10ea6a6\" data-element_type=\"widget\" data-widget_type=\"text-editor.default\">\n\t\t\t\t<div class=\"elementor-widget-container\">\n\t\t\t\t\t\t\t<p><b>\u201cSubscribe to Our Newsletter\u201d Form:<\/b><span style=\"font-weight: 400;\"> The information in this form is used to send you the periodic News Bulletin based on your express consent, pursuant to paragraph 1 of Article 5 of the PDPL.<\/span><\/p><p><b>&#8220;Contact Us&#8221; Form: <\/b><span style=\"font-weight: 400;\">The information obtained by this form is not stored by the www.ak-asya.com.tr in accordance with your express consent, also in accordance with paragraph 1 of article 5 and paragraph 5.2-f of PDPL, provided that it does not harm the fundamental rights and freedoms of the person concerned and is obligatory to process data for the legitimate interests of the data controller and is used only to answer customers&#8217; questions and\/or service requests.<\/span><\/p><p><b>&#8220;Site Feedback&#8221; Form:<\/b><span style=\"font-weight: 400;\"> The information obtained with this form is used only for the purpose of developing the www.ak-asya.com.tr site, subject to the reasons that data processing is mandatory for the legitimate interests of the data controller, provided that it does not harm the fundamental rights and freedoms of the person concerned in accordance with PDPL 5.2-f.<\/span><\/p>\t\t\t\t\t\t<\/div>\n\t\t\t\t<\/div>\n\t\t\t\t<div class=\"elementor-element elementor-element-bae7bbc elementor-widget elementor-widget-heading\" data-id=\"bae7bbc\" data-element_type=\"widget\" data-widget_type=\"heading.default\">\n\t\t\t\t<div class=\"elementor-widget-container\">\n\t\t\t<h2 class=\"elementor-heading-title elementor-size-default\">HOW SECURELY WILL MY INFORMATION BE STORED?<\/h2>\t\t<\/div>\n\t\t\t\t<\/div>\n\t\t\t\t<div class=\"elementor-element elementor-element-d83299d elementor-widget elementor-widget-text-editor\" data-id=\"d83299d\" data-element_type=\"widget\" data-widget_type=\"text-editor.default\">\n\t\t\t\t<div class=\"elementor-widget-container\">\n\t\t\t\t\t\t\t<p><span style=\"font-weight: 400;\">The security of information about our customers is of the mountable importance to us and will be stored in the safest possible way, in accordance with the requirements stipulated by the relevant Legislation. Therefore, www.ak-asya.com.tr is extremely meticulous about the secure transmission of your information from our computer to our servers. Once you receive the information you submit for this purpose, industry-specific standards such as firewall and Secure Socket Layer (&#8220;SSL&#8221;) are used to protect the confidentiality of your information.<\/span><\/p><p><span style=\"font-weight: 400;\">Unfortunately, as a result of technological developments, it is not possible to make a commitment that any data on the Internet can be transmitted 100% securely and stored in such a way that there is never a data deficit. The only commitment we can make in this regard is that we will make every effort to store your data in a secure environment that complies with the technological requirements of the age and is sufficiently secure to meet the relevant Regulatory requirements. We will not be liable for any data breaches that may occur as a result of force majeure or events that occur beyond our control.<\/span><\/p>\t\t\t\t\t\t<\/div>\n\t\t\t\t<\/div>\n\t\t\t\t<div class=\"elementor-element elementor-element-911882d elementor-widget elementor-widget-heading\" data-id=\"911882d\" data-element_type=\"widget\" data-widget_type=\"heading.default\">\n\t\t\t\t<div class=\"elementor-widget-container\">\n\t\t\t<h2 class=\"elementor-heading-title elementor-size-default\">WHO WILL USE THIS INFORMATION, AND FOR WHAT PURPOSE?<\/h2>\t\t<\/div>\n\t\t\t\t<\/div>\n\t\t\t\t<div class=\"elementor-element elementor-element-d3e624c elementor-widget elementor-widget-text-editor\" data-id=\"d3e624c\" data-element_type=\"widget\" data-widget_type=\"text-editor.default\">\n\t\t\t\t<div class=\"elementor-widget-container\">\n\t\t\t\t\t\t\t<p><span style=\"font-weight: 400;\">It can be processed and used by Akya\u015fam Management Services Joint Stock Company and shared with third parties who have the title of data processor, and are in contractual relationship for the purpose of cooperation.<\/span><\/p>\t\t\t\t\t\t<\/div>\n\t\t\t\t<\/div>\n\t\t\t\t<div class=\"elementor-element elementor-element-3c5ded5 elementor-widget elementor-widget-heading\" data-id=\"3c5ded5\" data-element_type=\"widget\" data-widget_type=\"heading.default\">\n\t\t\t\t<div class=\"elementor-widget-container\">\n\t\t\t<h2 class=\"elementor-heading-title elementor-size-default\">HOW DO I CHECK MY INFORMATION?<\/h2>\t\t<\/div>\n\t\t\t\t<\/div>\n\t\t\t\t<div class=\"elementor-element elementor-element-0fc02d3 elementor-widget elementor-widget-text-editor\" data-id=\"0fc02d3\" data-element_type=\"widget\" data-widget_type=\"text-editor.default\">\n\t\t\t\t<div class=\"elementor-widget-container\">\n\t\t\t\t\t\t\t<p><span style=\"font-weight: 400;\">If you wish to change your communication preferences or if there are changes to your personal information (such as a postal address or email address), you may request that the personal information you provide to us be corrected, updated, or removed. We always offer our customers the option of &#8220;not accepting&#8221; the sharing of their Personal Information with Akya\u015fam Management Services Incorporated to make any changes they wish, to change their communication preferences. For example, not being subscribed to www.ak-asya.com.tr Newsletter or requesting to unsubscribe.<\/span><\/p><p><span style=\"font-weight: 400;\">In addition, in accordance with article 11 of the PDPL, you may exercise your right to request the following information by contacting our Company:<\/span><\/p><p><span style=\"font-weight: 400;\">\u2013 To find out if your personal data has been processed<\/span><\/p><p><span style=\"font-weight: 400;\">\u2013 Requesting information about it if it has been processed<\/span><\/p><p><span style=\"font-weight: 400;\">\u2013 To learn the purpose of processing your personal data and whether it is used in accordance with its purpose<\/span><\/p><p><span style=\"font-weight: 400;\">\u2013 Request correction of personal data if it is incomplete or inaccurately processed<\/span><\/p><p><span style=\"font-weight: 400;\">\u2013 Request the deletion or destruction of your personal data within the framework of the conditions stipulated in Article 7 of the Law<\/span><\/p><p><span style=\"font-weight: 400;\">\u2013 Objecting to the emergence of a result against you by analyzing your processed personal data exclusively with automated systems<\/span><\/p><p><span style=\"font-weight: 400;\">\u2013 Request compensation for your damages if you suffer losses due to unlawful processing of personal data<\/span><\/p><p><span style=\"font-weight: 400;\">When you wish to exercise your specified rights or request any changes, you can submit your request via email; You can send it to info@ak-asya.com.tr.<\/span><\/p><p><span style=\"font-weight: 400;\">In order to respond to your requests in an accurate and healthy way as soon as possible, it is recommended that your requests and questions be communicated as clearly, understandably and in terms of history as possible.<\/span><\/p>\t\t\t\t\t\t<\/div>\n\t\t\t\t<\/div>\n\t\t\t\t<div class=\"elementor-element elementor-element-357ca60 elementor-widget elementor-widget-heading\" data-id=\"357ca60\" data-element_type=\"widget\" data-widget_type=\"heading.default\">\n\t\t\t\t<div class=\"elementor-widget-container\">\n\t\t\t<h2 class=\"elementor-heading-title elementor-size-default\">STORAGE PERIOD OF PERSONAL DATA<\/h2>\t\t<\/div>\n\t\t\t\t<\/div>\n\t\t\t\t<div class=\"elementor-element elementor-element-29997d2 elementor-widget elementor-widget-text-editor\" data-id=\"29997d2\" data-element_type=\"widget\" data-widget_type=\"text-editor.default\">\n\t\t\t\t<div class=\"elementor-widget-container\">\n\t\t\t\t\t\t\t<p><span style=\"font-weight: 400;\">In accordance with the relevant legislation; records of withdrawal of consent 1 year from this date; the content of the commercial electronic message and any related record will be kept for 3 years to be submitted to the relevant ministry when necessary. After the deadline, your personal data will be deleted, destroyed or anonymized by us or upon your request.<\/span><\/p>\t\t\t\t\t\t<\/div>\n\t\t\t\t<\/div>\n\t\t\t\t<div class=\"elementor-element elementor-element-a3f6899 elementor-widget elementor-widget-heading\" data-id=\"a3f6899\" data-element_type=\"widget\" data-widget_type=\"heading.default\">\n\t\t\t\t<div class=\"elementor-widget-container\">\n\t\t\t<h2 class=\"elementor-heading-title elementor-size-default\">TERMS & CONDITIONS<\/h2>\t\t<\/div>\n\t\t\t\t<\/div>\n\t\t\t\t<div class=\"elementor-element elementor-element-f85269c elementor-widget elementor-widget-text-editor\" data-id=\"f85269c\" data-element_type=\"widget\" data-widget_type=\"text-editor.default\">\n\t\t\t\t<div class=\"elementor-widget-container\">\n\t\t\t\t\t\t\t<p><span style=\"font-weight: 400;\">These Terms and Conditions will apply to your access to and use of the Website (&#8220;Site&#8221;). IF YOU DO NOT AGREE TO THESE TERMS AND CONDITIONS, PLEASE DO NOT VISIT THIS SITE AND DO NOT USE THE SERVICES OFFERED. Your continued use of this Site and\/or the services set forth on the Site will constitute your acceptance of the Terms and Conditions contained in this Notice.<\/span><\/p>\t\t\t\t\t\t<\/div>\n\t\t\t\t<\/div>\n\t\t\t\t<div class=\"elementor-element elementor-element-067f039 elementor-widget elementor-widget-heading\" data-id=\"067f039\" data-element_type=\"widget\" data-widget_type=\"heading.default\">\n\t\t\t\t<div class=\"elementor-widget-container\">\n\t\t\t<h2 class=\"elementor-heading-title elementor-size-default\">LAW AND JUDICIAL AUTHORITY TO BE APPLIED<\/h2>\t\t<\/div>\n\t\t\t\t<\/div>\n\t\t\t\t<div class=\"elementor-element elementor-element-966afdb elementor-widget elementor-widget-text-editor\" data-id=\"966afdb\" data-element_type=\"widget\" data-widget_type=\"text-editor.default\">\n\t\t\t\t<div class=\"elementor-widget-container\">\n\t\t\t\t\t\t\t<p><span style=\"font-weight: 400;\">This Notice is governed by the laws of the Republic of Turkey and the Istanbul Central (Caglayan) Court and Executive Offices are authorized to resolve any disputes arising from its implementation.<\/span><\/p><p>\u00a0<\/p><p><span style=\"font-weight: 400;\">Akya\u015fam Management Services Joint Stock Company<\/span><\/p><p><b>Address:<\/b><span style=\"font-weight: 400;\"> Akasya, \u00c7e\u00e7en St. No: 25, 34660, \u00dcskudar, \u0130stanbul \/ Turkey<\/span><\/p><p><span style=\"font-weight: 400;\"><strong>Tel: <\/strong>+90 216 325 03 72<\/span><\/p><p><span style=\"font-weight: 400;\">Fax:+90 216 325 93 72<\/span><\/p><p><span style=\"font-weight: 400;\">\u0130stanbul Trade Registry Office \/ Registration no: 900278<\/span><\/p>\t\t\t\t\t\t<\/div>\n\t\t\t\t<\/div>\n\t\t\t\t\t<\/div>\n\t\t<\/div>\n\t\t\t\t\t\t\t<\/div>\n\t\t<\/section>\n\t\t\t\t\t\t\t<\/div>\n\t\t","protected":false},"excerpt":{"rendered":"<p>Terms &amp; Conditions PRIVACY POLICY In order to fulfill the disclosure obligation arising from Article 10 of the PDPL, Akya\u015fam Management Services Joint Stock Company (hereinafter referred to as &#8220;Akasya&#8221; or \u201cus\u201d) present you the following explanations regarding the processing and protection of your personal data, as Our Company is defined as Data Controller under [&hellip;]<\/p>\n","protected":false},"author":1,"featured_media":0,"parent":0,"menu_order":0,"comment_status":"closed","ping_status":"closed","template":"elementor_header_footer","meta":{"footnotes":""},"acf":[],"yoast_head":"<!-- This site is optimized with the Yoast SEO plugin v20.5 - https:\/\/yoast.com\/wordpress\/plugins\/seo\/ -->\n<title>Privacy Policy &amp; Terms &amp; Conditions | Akasya Mall<\/title>\n<meta name=\"description\" content=\"Read the terms and conditions of Akasya Shopping Mall. Understand the guidelines for using our services and the rights and responsibilities involved.\" \/>\n<meta name=\"robots\" content=\"index, follow, max-snippet:-1, max-image-preview:large, max-video-preview:-1\" \/>\n<link rel=\"canonical\" href=\"https:\/\/www.ak-asya.com.tr\/en\/terms-conditions\/\" \/>\n<meta property=\"og:locale\" content=\"en_US\" \/>\n<meta property=\"og:type\" content=\"article\" \/>\n<meta property=\"og:title\" content=\"Privacy Policy &amp; Terms &amp; Conditions | Akasya Mall\" \/>\n<meta property=\"og:description\" content=\"Read the terms and conditions of Akasya Shopping Mall. Understand the guidelines for using our services and the rights and responsibilities involved.\" \/>\n<meta property=\"og:url\" content=\"https:\/\/www.ak-asya.com.tr\/en\/terms-conditions\/\" \/>\n<meta property=\"og:site_name\" content=\"Akasya\" \/>\n<meta property=\"article:modified_time\" content=\"2023-06-13T17:30:03+00:00\" \/>\n<meta name=\"twitter:card\" content=\"summary_large_image\" \/>\n<meta name=\"twitter:label1\" content=\"Est. reading time\" \/>\n\t<meta name=\"twitter:data1\" content=\"6 minutes\" \/>\n<script type=\"application\/ld+json\" class=\"yoast-schema-graph\">{\"@context\":\"https:\/\/schema.org\",\"@graph\":[{\"@type\":\"WebPage\",\"@id\":\"https:\/\/www.ak-asya.com.tr\/en\/terms-conditions\/\",\"url\":\"https:\/\/www.ak-asya.com.tr\/en\/terms-conditions\/\",\"name\":\"Privacy Policy & Terms & Conditions | Akasya Mall\",\"isPartOf\":{\"@id\":\"https:\/\/www.ak-asya.com.tr\/en\/#website\"},\"datePublished\":\"2021-06-21T00:19:11+00:00\",\"dateModified\":\"2023-06-13T17:30:03+00:00\",\"description\":\"Read the terms and conditions of Akasya Shopping Mall. Understand the guidelines for using our services and the rights and responsibilities involved.\",\"breadcrumb\":{\"@id\":\"https:\/\/www.ak-asya.com.tr\/en\/terms-conditions\/#breadcrumb\"},\"inLanguage\":\"en-US\",\"potentialAction\":[{\"@type\":\"ReadAction\",\"target\":[\"https:\/\/www.ak-asya.com.tr\/en\/terms-conditions\/\"]}]},{\"@type\":\"BreadcrumbList\",\"@id\":\"https:\/\/www.ak-asya.com.tr\/en\/terms-conditions\/#breadcrumb\",\"itemListElement\":[{\"@type\":\"ListItem\",\"position\":1,\"name\":\"Home\",\"item\":\"https:\/\/www.ak-asya.com.tr\/en\/\"},{\"@type\":\"ListItem\",\"position\":2,\"name\":\"Terms &#038; Conditions\"}]},{\"@type\":\"WebSite\",\"@id\":\"https:\/\/www.ak-asya.com.tr\/en\/#website\",\"url\":\"https:\/\/www.ak-asya.com.tr\/en\/\",\"name\":\"Akasya\",\"description\":\"Akasya Shopping Mall\",\"publisher\":{\"@id\":\"https:\/\/www.ak-asya.com.tr\/en\/#organization\"},\"potentialAction\":[{\"@type\":\"SearchAction\",\"target\":{\"@type\":\"EntryPoint\",\"urlTemplate\":\"https:\/\/www.ak-asya.com.tr\/en\/?s={search_term_string}\"},\"query-input\":\"required name=search_term_string\"}],\"inLanguage\":\"en-US\"},{\"@type\":\"Organization\",\"@id\":\"https:\/\/www.ak-asya.com.tr\/en\/#organization\",\"name\":\"Akasya\",\"url\":\"https:\/\/www.ak-asya.com.tr\/en\/\",\"logo\":{\"@type\":\"ImageObject\",\"inLanguage\":\"en-US\",\"@id\":\"https:\/\/www.ak-asya.com.tr\/en\/#\/schema\/logo\/image\/\",\"url\":\"https:\/\/www.ak-asya.com.tr\/en\/wp-content\/uploads\/2021\/06\/AKASYA_LOGO.png\",\"contentUrl\":\"https:\/\/www.ak-asya.com.tr\/en\/wp-content\/uploads\/2021\/06\/AKASYA_LOGO.png\",\"width\":530,\"height\":156,\"caption\":\"Akasya\"},\"image\":{\"@id\":\"https:\/\/www.ak-asya.com.tr\/en\/#\/schema\/logo\/image\/\"}}]}<\/script>\n<!-- \/ Yoast SEO plugin. -->","yoast_head_json":{"title":"Privacy Policy & Terms & Conditions | Akasya Mall","description":"Read the terms and conditions of Akasya Shopping Mall. Understand the guidelines for using our services and the rights and responsibilities involved.","robots":{"index":"index","follow":"follow","max-snippet":"max-snippet:-1","max-image-preview":"max-image-preview:large","max-video-preview":"max-video-preview:-1"},"canonical":"https:\/\/www.ak-asya.com.tr\/en\/terms-conditions\/","og_locale":"en_US","og_type":"article","og_title":"Privacy Policy & Terms & Conditions | Akasya Mall","og_description":"Read the terms and conditions of Akasya Shopping Mall. Understand the guidelines for using our services and the rights and responsibilities involved.","og_url":"https:\/\/www.ak-asya.com.tr\/en\/terms-conditions\/","og_site_name":"Akasya","article_modified_time":"2023-06-13T17:30:03+00:00","twitter_card":"summary_large_image","twitter_misc":{"Est. reading time":"6 minutes"},"schema":{"@context":"https:\/\/schema.org","@graph":[{"@type":"WebPage","@id":"https:\/\/www.ak-asya.com.tr\/en\/terms-conditions\/","url":"https:\/\/www.ak-asya.com.tr\/en\/terms-conditions\/","name":"Privacy Policy & Terms & Conditions | Akasya Mall","isPartOf":{"@id":"https:\/\/www.ak-asya.com.tr\/en\/#website"},"datePublished":"2021-06-21T00:19:11+00:00","dateModified":"2023-06-13T17:30:03+00:00","description":"Read the terms and conditions of Akasya Shopping Mall. Understand the guidelines for using our services and the rights and responsibilities involved.","breadcrumb":{"@id":"https:\/\/www.ak-asya.com.tr\/en\/terms-conditions\/#breadcrumb"},"inLanguage":"en-US","potentialAction":[{"@type":"ReadAction","target":["https:\/\/www.ak-asya.com.tr\/en\/terms-conditions\/"]}]},{"@type":"BreadcrumbList","@id":"https:\/\/www.ak-asya.com.tr\/en\/terms-conditions\/#breadcrumb","itemListElement":[{"@type":"ListItem","position":1,"name":"Home","item":"https:\/\/www.ak-asya.com.tr\/en\/"},{"@type":"ListItem","position":2,"name":"Terms &#038; Conditions"}]},{"@type":"WebSite","@id":"https:\/\/www.ak-asya.com.tr\/en\/#website","url":"https:\/\/www.ak-asya.com.tr\/en\/","name":"Akasya","description":"Akasya Shopping Mall","publisher":{"@id":"https:\/\/www.ak-asya.com.tr\/en\/#organization"},"potentialAction":[{"@type":"SearchAction","target":{"@type":"EntryPoint","urlTemplate":"https:\/\/www.ak-asya.com.tr\/en\/?s={search_term_string}"},"query-input":"required name=search_term_string"}],"inLanguage":"en-US"},{"@type":"Organization","@id":"https:\/\/www.ak-asya.com.tr\/en\/#organization","name":"Akasya","url":"https:\/\/www.ak-asya.com.tr\/en\/","logo":{"@type":"ImageObject","inLanguage":"en-US","@id":"https:\/\/www.ak-asya.com.tr\/en\/#\/schema\/logo\/image\/","url":"https:\/\/www.ak-asya.com.tr\/en\/wp-content\/uploads\/2021\/06\/AKASYA_LOGO.png","contentUrl":"https:\/\/www.ak-asya.com.tr\/en\/wp-content\/uploads\/2021\/06\/AKASYA_LOGO.png","width":530,"height":156,"caption":"Akasya"},"image":{"@id":"https:\/\/www.ak-asya.com.tr\/en\/#\/schema\/logo\/image\/"}}]}},"_links":{"self":[{"href":"https:\/\/www.ak-asya.com.tr\/en\/wp-json\/wp\/v2\/pages\/7868"}],"collection":[{"href":"https:\/\/www.ak-asya.com.tr\/en\/wp-json\/wp\/v2\/pages"}],"about":[{"href":"https:\/\/www.ak-asya.com.tr\/en\/wp-json\/wp\/v2\/types\/page"}],"author":[{"embeddable":true,"href":"https:\/\/www.ak-asya.com.tr\/en\/wp-json\/wp\/v2\/users\/1"}],"replies":[{"embeddable":true,"href":"https:\/\/www.ak-asya.com.tr\/en\/wp-json\/wp\/v2\/comments?post=7868"}],"version-history":[{"count":4,"href":"https:\/\/www.ak-asya.com.tr\/en\/wp-json\/wp\/v2\/pages\/7868\/revisions"}],"predecessor-version":[{"id":9119,"href":"https:\/\/www.ak-asya.com.tr\/en\/wp-json\/wp\/v2\/pages\/7868\/revisions\/9119"}],"wp:attachment":[{"href":"https:\/\/www.ak-asya.com.tr\/en\/wp-json\/wp\/v2\/media?parent=7868"}],"curies":[{"name":"wp","href":"https:\/\/api.w.org\/{rel}","templated":true}]}}